{"id":105245,"date":"2025-07-17T14:08:03","date_gmt":"2025-07-17T19:08:03","guid":{"rendered":"https:\/\/isa-as-prod-sitioweb002.azurewebsites.net\/herois\/"},"modified":"2025-07-24T17:13:27","modified_gmt":"2025-07-24T22:13:27","slug":"herois","status":"publish","type":"page","link":"https:\/\/isa-as-prod-sitioweb002.azurewebsites.net\/pt-br\/herois\/","title":{"rendered":"Her\u00f3is"},"content":{"rendered":"\t\t<div data-elementor-type=\"wp-page\" data-elementor-id=\"105245\" class=\"elementor elementor-105245 elementor-96579\" data-elementor-post-type=\"page\">\n\t\t\t\t<div class=\"elementor-element elementor-element-243dc5b e-con-full e-flex e-con e-parent\" data-id=\"243dc5b\" data-element_type=\"container\" data-e-type=\"container\">\n\t\t<div class=\"elementor-element elementor-element-f088152 e-con-full e-flex e-con e-child\" data-id=\"f088152\" data-element_type=\"container\" data-e-type=\"container\">\n\t\t<div class=\"elementor-element elementor-element-7aa2edc e-con-full e-flex e-con e-child\" data-id=\"7aa2edc\" data-element_type=\"container\" data-e-type=\"container\" data-settings=\"{&quot;background_background&quot;:&quot;classic&quot;}\">\n\t\t\t\t<\/div>\n\t\t\t\t<\/div>\n\t\t\t\t<\/div>\n\t\t<div class=\"elementor-element elementor-element-8e1d4e8 e-con-full e-flex e-con e-parent\" data-id=\"8e1d4e8\" data-element_type=\"container\" data-e-type=\"container\">\n\t\t<div class=\"elementor-element elementor-element-61db614 e-con-full e-flex e-con e-child\" data-id=\"61db614\" data-element_type=\"container\" data-e-type=\"container\" data-settings=\"{&quot;background_background&quot;:&quot;classic&quot;}\">\n\t\t<div class=\"elementor-element elementor-element-abc73e8 e-con-full e-flex e-con e-child\" data-id=\"abc73e8\" data-element_type=\"container\" data-e-type=\"container\">\n\t\t<div class=\"elementor-element elementor-element-f31c5a1 e-con-full e-flex e-con e-child\" data-id=\"f31c5a1\" data-element_type=\"container\" data-e-type=\"container\">\n\t\t<div class=\"elementor-element elementor-element-9222af2 e-con-full e-flex e-con e-child\" data-id=\"9222af2\" data-element_type=\"container\" data-e-type=\"container\">\n\t\t\t\t<div class=\"elementor-element elementor-element-9052c9c elementor-widget elementor-widget-heading\" data-id=\"9052c9c\" data-element_type=\"widget\" data-e-type=\"widget\" data-widget_type=\"heading.default\">\n\t\t\t\t\t<h2 class=\"elementor-heading-title elementor-size-default\">NOSSOS HER\u00d3IS: AQUELES QUE TORNAM O IMPOSS\u00cdVEL POSS\u00cdVEL<\/h2>\t\t\t\t<\/div>\n\t\t\t\t<div class=\"elementor-element elementor-element-c6adbf8 elementor-widget elementor-widget-text-editor\" data-id=\"c6adbf8\" data-element_type=\"widget\" data-e-type=\"widget\" data-widget_type=\"text-editor.default\">\n\t\t\t\t\t\t\t\t\t<p>Por tr\u00e1s de cada passo que damos na ISA e em nossas empresas, h\u00e1 pessoas que d\u00e3o sua energia, engenhosidade e compromisso para transformar realidades. Nossos her\u00f3is s\u00e3o aqueles que, com esfor\u00e7o silencioso, constroem o futuro a partir da opera\u00e7\u00e3o!<\/p>\t\t\t\t\t\t\t\t<\/div>\n\t\t\t\t<div class=\"elementor-element elementor-element-627cc3a elementor-widget elementor-widget-html\" data-id=\"627cc3a\" data-element_type=\"widget\" data-e-type=\"widget\" data-widget_type=\"html.default\">\n\t\t\t\t\t<!-- Swiper CDN -->\r\n<link rel=\"stylesheet\" href=\"https:\/\/cdn.jsdelivr.net\/npm\/swiper@11\/swiper-bundle.min.css\" \/>\r\n<script src=\"https:\/\/cdn.jsdelivr.net\/npm\/swiper@11\/swiper-bundle.min.js\"><\/script>\r\n\r\n<script>\r\n  document.addEventListener(\"DOMContentLoaded\", function () {\r\n    const comments = Array.from(document.querySelectorAll('.comment-list > li.comment'));\r\n    const swiperWrapper = document.createElement('div');\r\n    swiperWrapper.classList.add('swiper-wrapper');\r\n\r\n    for (let i = 0; i < comments.length; i += 3) {\r\n      const slide = document.createElement('div');\r\n      slide.classList.add('swiper-slide');\r\n\r\n      \/\/ Add up to 3 comments per slide\r\n      for (let j = i; j < i + 3 && j < comments.length; j++) {\r\n        slide.appendChild(comments[j]);\r\n      }\r\n\r\n      swiperWrapper.appendChild(slide);\r\n    }\r\n\r\n    const swiperContainer = document.createElement('div');\r\n    swiperContainer.classList.add('swiper');\r\n\r\n    \/\/ Add navigation buttons BEFORE initializing Swiper\r\n    const prevBtn = document.createElement('div');\r\n    prevBtn.className = 'swiper-button-prev';\r\n    const nextBtn = document.createElement('div');\r\n    nextBtn.className = 'swiper-button-next';\r\n\r\n    swiperContainer.appendChild(swiperWrapper);\r\n    swiperContainer.appendChild(prevBtn);\r\n    swiperContainer.appendChild(nextBtn);\r\n\r\n    \/\/ Replace original list\r\n    const commentList = document.querySelector('.comment-list');\r\n    commentList.replaceWith(swiperContainer);\r\n\r\n    \/\/ Move to desired container\r\n    document.getElementById(\"heroes-comments\").appendChild(swiperContainer);\r\n\r\n    \/\/ Initialize Swiper *after* buttons exist\r\n      new Swiper('.swiper', {\r\n  spaceBetween: 30,\r\n  loop: false,\r\n  navigation: {\r\n    nextEl: '.swiper-button-next',\r\n    prevEl: '.swiper-button-prev',\r\n  },\r\n slidesPerView: 1,\r\n});\r\n\r\n\r\n  });\r\n  \r\n  \r\n<\/script>\r\n\r\n\t\t\t\t<\/div>\n\t\t\t\t<\/div>\n\t\t<div class=\"elementor-element elementor-element-522b303 e-con-full e-flex e-con e-child\" data-id=\"522b303\" data-element_type=\"container\" data-e-type=\"container\">\n\t\t\t\t<div class=\"elementor-element elementor-element-1764f12 elementor-widget elementor-widget-video\" data-id=\"1764f12\" data-element_type=\"widget\" data-e-type=\"widget\" data-settings=\"{&quot;video_type&quot;:&quot;hosted&quot;,&quot;controls&quot;:&quot;yes&quot;}\" data-widget_type=\"video.default\">\n\t\t\t\t\t\t\t<div class=\"e-hosted-video elementor-wrapper elementor-open-inline\">\n\t\t\t\t\t<video class=\"elementor-video\" src=\"https:\/\/isaasprods-d87a26cb809c1f43d1f1-endpoint.azureedge.net\/blobisaasprods27f2ae9b77\/wp-content\/uploads\/2025\/07\/Heroes_PORTUGUES-1-2.mp4\" controls=\"\" preload=\"metadata\" controlsList=\"nodownload\"><\/video>\n\t\t\t\t<\/div>\n\t\t\t\t\t\t<\/div>\n\t\t\t\t<\/div>\n\t\t\t\t<\/div>\n\t\t\t\t<\/div>\n\t\t\t\t<\/div>\n\t\t\t\t<\/div>\n\t\t<div class=\"elementor-element elementor-element-85a3e43 e-flex e-con-boxed e-con e-parent\" data-id=\"85a3e43\" data-element_type=\"container\" data-e-type=\"container\" data-settings=\"{&quot;background_background&quot;:&quot;classic&quot;}\">\n\t\t\t\t\t<div class=\"e-con-inner\">\n\t\t\t\t<div class=\"elementor-element elementor-element-b33af9c e-n-tabs-none elementor-widget elementor-widget-n-tabs\" data-id=\"b33af9c\" data-element_type=\"widget\" data-e-type=\"widget\" data-settings=\"{&quot;tabs_justify_horizontal&quot;:&quot;start&quot;,&quot;horizontal_scroll_mobile&quot;:&quot;enable&quot;,&quot;horizontal_scroll&quot;:&quot;disable&quot;}\" data-widget_type=\"nested-tabs.default\">\n\t\t\t\t\t\t\t<div class=\"e-n-tabs\" data-widget-number=\"187936668\" aria-label=\"Abas. Abra itens com &quot;Enter&quot; ou &quot;Espa\u00e7o&quot;, feche com &quot;Escape&quot; e navegue usando as teclas de &quot;Seta&quot;.\">\n\t\t\t<div class=\"e-n-tabs-heading\" role=\"tablist\">\n\t\t\t\t\t<button id=\"e-n-tab-title-1879366681\" data-tab-title-id=\"e-n-tab-title-1879366681\" class=\"e-n-tab-title\" aria-selected=\"true\" data-tab-index=\"1\" role=\"tab\" tabindex=\"0\" aria-controls=\"e-n-tab-content-1879366681\" style=\"--n-tabs-title-order: 1;\">\n\t\t\t\t\t\t<span class=\"e-n-tab-title-text\">\n\t\t\t\tSuas hist\u00f3rias\t\t\t<\/span>\n\t\t<\/button>\n\t\t\t\t<button id=\"e-n-tab-title-1879366682\" data-tab-title-id=\"e-n-tab-title-1879366682\" class=\"e-n-tab-title\" aria-selected=\"false\" data-tab-index=\"2\" role=\"tab\" tabindex=\"-1\" aria-controls=\"e-n-tab-content-1879366682\" style=\"--n-tabs-title-order: 2;\">\n\t\t\t\t\t\t<span class=\"e-n-tab-title-text\">\n\t\t\t\tSamuel Mar\u00edn\t\t\t<\/span>\n\t\t<\/button>\n\t\t\t\t\t<\/div>\n\t\t\t<div class=\"e-n-tabs-content\">\n\t\t\t\t<div id=\"e-n-tab-content-1879366681\" role=\"tabpanel\" aria-labelledby=\"e-n-tab-title-1879366681\" data-tab-index=\"1\" style=\"--n-tabs-title-order: 1;\" class=\"e-active elementor-element elementor-element-269e830 e-con-full e-flex e-con e-child\" data-id=\"269e830\" data-element_type=\"container\" data-e-type=\"container\" data-settings=\"{&quot;background_background&quot;:&quot;classic&quot;}\">\n\t\t<div class=\"elementor-element elementor-element-1c74291 e-con-full e-flex e-con e-child\" data-id=\"1c74291\" data-element_type=\"container\" data-e-type=\"container\" data-settings=\"{&quot;background_background&quot;:&quot;classic&quot;,&quot;position&quot;:&quot;absolute&quot;}\">\n\t\t\t\t<div class=\"elementor-element elementor-element-3e05116 elementor-widget__width-initial elementor-widget elementor-widget-text-editor\" data-id=\"3e05116\" data-element_type=\"widget\" data-e-type=\"widget\" data-widget_type=\"text-editor.default\">\n\t\t\t\t\t\t\t\t\tEste ser\u00e1 o espa\u00e7o onde voc\u00ea conhecer\u00e1 aqueles que transformam a opera\u00e7\u00e3o com sua dedica\u00e7\u00e3o, comprometimento e vis\u00e3o.\nAqueles cujo trabalho di\u00e1rio torna cada passo que damos como organiza\u00e7\u00e3o um sucesso. Aguarde por eles aqui&#8230; e prepare-se para se emocionar!\t\t\t\t\t\t\t\t<\/div>\n\t\t\t\t<\/div>\n\t\t\t\t<\/div>\n\t\t<div id=\"e-n-tab-content-1879366682\" role=\"tabpanel\" aria-labelledby=\"e-n-tab-title-1879366682\" data-tab-index=\"2\" style=\"--n-tabs-title-order: 2;\" class=\" elementor-element elementor-element-beac90b e-con-full e-flex e-con e-child\" data-id=\"beac90b\" data-element_type=\"container\" data-e-type=\"container\" data-settings=\"{&quot;background_background&quot;:&quot;classic&quot;}\">\n\t\t<div class=\"elementor-element elementor-element-bd875c3 e-con-full e-flex e-con e-child\" data-id=\"bd875c3\" data-element_type=\"container\" data-e-type=\"container\" data-settings=\"{&quot;background_background&quot;:&quot;classic&quot;,&quot;position&quot;:&quot;absolute&quot;}\">\n\t\t\t\t<div class=\"elementor-element elementor-element-6263f98 elementor-widget__width-initial elementor-widget elementor-widget-text-editor\" data-id=\"6263f98\" data-element_type=\"widget\" data-e-type=\"widget\" data-widget_type=\"text-editor.default\">\n\t\t\t\t\t\t\t\t\t<p>Samuel come\u00e7ou sua jornada na ISA como estagi\u00e1rio em 2012. Desde ent\u00e3o, ele trilhou um caminho repleto de aprendizado, desafios e desenvolvimento at\u00e9 se tornar, em 2023, chefe de subesta\u00e7\u00f5es da ISA ENERG\u00cdA no Chile.<\/p>\t\t\t\t\t\t\t\t<\/div>\n\t\t\t\t<div class=\"elementor-element elementor-element-c84fba2 elementor-align-justify elementor-widget elementor-widget-button\" data-id=\"c84fba2\" data-element_type=\"widget\" data-e-type=\"widget\" data-widget_type=\"button.default\">\n\t\t\t\t\t\t\t\t\t\t<a class=\"elementor-button elementor-button-link elementor-size-sm\" href=\"#\">\n\t\t\t\t\t\t<span class=\"elementor-button-content-wrapper\">\n\t\t\t\t\t\t<span class=\"elementor-button-icon\">\n\t\t\t\t<svg xmlns=\"http:\/\/www.w3.org\/2000\/svg\" width=\"16\" height=\"16\" viewBox=\"0 0 16 16\" fill=\"none\"><path d=\"M8.66667 12L12 8.66667M12 8.66667L8.66667 5.33333M12 8.66667L4 8.66667\" stroke=\"white\" stroke-linecap=\"round\" stroke-linejoin=\"round\"><\/path><\/svg>\t\t\t<\/span>\n\t\t\t\t\t\t\t\t\t<span class=\"elementor-button-text\">Em breve contaremos sua hist\u00f3ria<\/span>\n\t\t\t\t\t<\/span>\n\t\t\t\t\t<\/a>\n\t\t\t\t\t\t\t\t<\/div>\n\t\t\t\t<\/div>\n\t\t\t\t<\/div>\n\t\t\t\t\t<\/div>\n\t\t<\/div>\n\t\t\t\t\t\t<\/div>\n\t\t<div class=\"elementor-element elementor-element-a1f215e e-con-full e-flex e-con e-child\" data-id=\"a1f215e\" data-element_type=\"container\" data-e-type=\"container\" data-settings=\"{&quot;background_background&quot;:&quot;classic&quot;}\">\n\t\t<div class=\"elementor-element elementor-element-ec62c41 e-con-full e-flex e-con e-child\" data-id=\"ec62c41\" data-element_type=\"container\" data-e-type=\"container\">\n\t\t\t\t<div class=\"elementor-element elementor-element-076623e elementor-widget elementor-widget-heading\" data-id=\"076623e\" data-element_type=\"widget\" data-e-type=\"widget\" data-widget_type=\"heading.default\">\n\t\t\t\t\t<h2 class=\"elementor-heading-title elementor-size-default\">Encha de energia noss@s her\u00f3is<\/h2>\t\t\t\t<\/div>\n\t\t\t\t<div class=\"elementor-element elementor-element-fb3b479 elementor-widget elementor-widget-text-editor\" data-id=\"fb3b479\" data-element_type=\"widget\" data-e-type=\"widget\" data-widget_type=\"text-editor.default\">\n\t\t\t\t\t\t\t\t\t<p>Compartilhando sua mensagem sobre suas hist\u00f3rias:<\/p>\t\t\t\t\t\t\t\t<\/div>\n\t\t\t\t<\/div>\n\t\t\t\t<\/div>\n\t\t<div class=\"elementor-element elementor-element-3715f46 e-con-full e-flex e-con e-child\" data-id=\"3715f46\" data-element_type=\"container\" data-e-type=\"container\" id=\"heroes-comments\">\n\t\t\t\t<\/div>\n\t\t\t\t\t<\/div>\n\t\t\t\t<\/div>\n\t\t\t\t<\/div>\n\t\t","protected":false},"excerpt":{"rendered":"<p>NOSSOS HER\u00d3IS: AQUELES QUE TORNAM O IMPOSS\u00cdVEL POSS\u00cdVEL Por tr\u00e1s de cada passo que damos na ISA e em nossas empresas, h\u00e1 pessoas que d\u00e3o sua energia, engenhosidade e compromisso para transformar realidades. Nossos her\u00f3is s\u00e3o aqueles que, com esfor\u00e7o silencioso, constroem o futuro a partir da opera\u00e7\u00e3o! https:\/\/isaasprods-d87a26cb809c1f43d1f1-endpoint.azureedge.net\/blobisaasprods27f2ae9b77\/wp-content\/uploads\/2025\/07\/Heroes_PORTUGUES-1-2.mp4 Suas hist\u00f3rias Samuel Mar\u00edn Este ser\u00e1 [&hellip;]<\/p>\n","protected":false},"author":20,"featured_media":0,"parent":0,"menu_order":0,"comment_status":"open","ping_status":"closed","template":"elementor_header_footer","meta":{"_acf_changed":false,"footnotes":""},"class_list":["post-105245","page","type-page","status-publish","hentry"],"acf":[],"yoast_head":"<title>Her\u00f3is - ISA<\/title>\n<meta name=\"robots\" content=\"index, follow, max-snippet:-1, max-image-preview:large, max-video-preview:-1\" \/>\n<link rel=\"canonical\" href=\"https:\/\/isa-as-prod-sitioweb002.azurewebsites.net\/pt-br\/herois\/\" \/>\n<meta property=\"og:locale\" content=\"pt_BR\" \/>\n<meta property=\"og:type\" content=\"article\" \/>\n<meta property=\"og:title\" content=\"Her\u00f3is - ISA\" \/>\n<meta property=\"og:description\" content=\"NOSSOS HER\u00d3IS: AQUELES QUE TORNAM O IMPOSS\u00cdVEL POSS\u00cdVEL Por tr\u00e1s de cada passo que damos na ISA e em nossas empresas, h\u00e1 pessoas que d\u00e3o sua energia, engenhosidade e compromisso para transformar realidades. Nossos her\u00f3is s\u00e3o aqueles que, com esfor\u00e7o silencioso, constroem o futuro a partir da opera\u00e7\u00e3o! https:\/\/isaasprods-d87a26cb809c1f43d1f1-endpoint.azureedge.net\/blobisaasprods27f2ae9b77\/wp-content\/uploads\/2025\/07\/Heroes_PORTUGUES-1-2.mp4 Suas hist\u00f3rias Samuel Mar\u00edn Este ser\u00e1 [&hellip;]\" \/>\n<meta property=\"og:url\" content=\"https:\/\/isa-as-prod-sitioweb002.azurewebsites.net\/pt-br\/herois\/\" \/>\n<meta property=\"og:site_name\" content=\"ISA\" \/>\n<meta property=\"article:publisher\" content=\"https:\/\/www.facebook.com\/ISAConexiones\/\" \/>\n<meta property=\"article:modified_time\" content=\"2025-07-24T22:13:27+00:00\" \/>\n<meta property=\"og:image\" content=\"https:\/\/isa-as-prod-sitioweb002.azurewebsites.net\/wp-content\/uploads\/2021\/02\/ISA.jpg\" \/>\n\t<meta property=\"og:image:width\" content=\"1412\" \/>\n\t<meta property=\"og:image:height\" content=\"992\" \/>\n\t<meta property=\"og:image:type\" content=\"image\/jpeg\" \/>\n<meta name=\"twitter:card\" content=\"summary_large_image\" \/>\n<meta name=\"twitter:site\" content=\"@ISAConexiones\" \/>\n<meta name=\"twitter:label1\" content=\"Est. tempo de leitura\" \/>\n\t<meta name=\"twitter:data1\" content=\"3 minutos\" \/>\n<script type=\"application\/ld+json\" class=\"yoast-schema-graph\">{\"@context\":\"https:\\\/\\\/schema.org\",\"@graph\":[{\"@type\":\"WebPage\",\"@id\":\"https:\\\/\\\/isa-as-prod-sitioweb002.azurewebsites.net\\\/pt-br\\\/herois\\\/\",\"url\":\"https:\\\/\\\/isa-as-prod-sitioweb002.azurewebsites.net\\\/pt-br\\\/herois\\\/\",\"name\":\"Her\u00f3is - ISA\",\"isPartOf\":{\"@id\":\"https:\\\/\\\/isa-as-prod-sitioweb002.azurewebsites.net\\\/pt-br\\\/#website\"},\"datePublished\":\"2025-07-17T19:08:03+00:00\",\"dateModified\":\"2025-07-24T22:13:27+00:00\",\"breadcrumb\":{\"@id\":\"https:\\\/\\\/isa-as-prod-sitioweb002.azurewebsites.net\\\/pt-br\\\/herois\\\/#breadcrumb\"},\"inLanguage\":\"pt-BR\",\"potentialAction\":[{\"@type\":\"ReadAction\",\"target\":[\"https:\\\/\\\/isa-as-prod-sitioweb002.azurewebsites.net\\\/pt-br\\\/herois\\\/\"]}]},{\"@type\":\"BreadcrumbList\",\"@id\":\"https:\\\/\\\/isa-as-prod-sitioweb002.azurewebsites.net\\\/pt-br\\\/herois\\\/#breadcrumb\",\"itemListElement\":[{\"@type\":\"ListItem\",\"position\":1,\"name\":\"ISA\",\"item\":\"https:\\\/\\\/isa-as-prod-sitioweb002.azurewebsites.net\\\/pt-br\\\/\"},{\"@type\":\"ListItem\",\"position\":2,\"name\":\"Her\u00f3is\"}]},{\"@type\":\"WebSite\",\"@id\":\"https:\\\/\\\/isa-as-prod-sitioweb002.azurewebsites.net\\\/pt-br\\\/#website\",\"url\":\"https:\\\/\\\/isa-as-prod-sitioweb002.azurewebsites.net\\\/pt-br\\\/\",\"name\":\"ISA\",\"description\":\"Interconexi\u00f3n El\u00e9ctrica S.A.\",\"publisher\":{\"@id\":\"https:\\\/\\\/isa-as-prod-sitioweb002.azurewebsites.net\\\/pt-br\\\/#organization\"},\"potentialAction\":[{\"@type\":\"SearchAction\",\"target\":{\"@type\":\"EntryPoint\",\"urlTemplate\":\"https:\\\/\\\/isa-as-prod-sitioweb002.azurewebsites.net\\\/pt-br\\\/?s={search_term_string}\"},\"query-input\":{\"@type\":\"PropertyValueSpecification\",\"valueRequired\":true,\"valueName\":\"search_term_string\"}}],\"inLanguage\":\"pt-BR\"},{\"@type\":\"Organization\",\"@id\":\"https:\\\/\\\/isa-as-prod-sitioweb002.azurewebsites.net\\\/pt-br\\\/#organization\",\"name\":\"ISA\",\"url\":\"https:\\\/\\\/isa-as-prod-sitioweb002.azurewebsites.net\\\/pt-br\\\/\",\"logo\":{\"@type\":\"ImageObject\",\"inLanguage\":\"pt-BR\",\"@id\":\"https:\\\/\\\/isa-as-prod-sitioweb002.azurewebsites.net\\\/pt-br\\\/#\\\/schema\\\/logo\\\/image\\\/\",\"url\":\"\\\/wp-content\\\/uploads\\\/2020\\\/11\\\/favicon.png\",\"contentUrl\":\"\\\/wp-content\\\/uploads\\\/2020\\\/11\\\/favicon.png\",\"width\":512,\"height\":512,\"caption\":\"ISA\"},\"image\":{\"@id\":\"https:\\\/\\\/isa-as-prod-sitioweb002.azurewebsites.net\\\/pt-br\\\/#\\\/schema\\\/logo\\\/image\\\/\"},\"sameAs\":[\"https:\\\/\\\/www.facebook.com\\\/ISAConexiones\\\/\",\"https:\\\/\\\/x.com\\\/ISAConexiones\",\"https:\\\/\\\/www.instagram.com\\\/isaconexiones\\\/\",\"https:\\\/\\\/www.linkedin.com\\\/company\\\/interconexi-n-electrica-s-a-?trk=top_nav_home\",\"https:\\\/\\\/www.youtube.com\\\/c\\\/CanalISAConexiones\"]}]}<\/script>","yoast_head_json":{"title":"Her\u00f3is - ISA","robots":{"index":"index","follow":"follow","max-snippet":"max-snippet:-1","max-image-preview":"max-image-preview:large","max-video-preview":"max-video-preview:-1"},"canonical":"https:\/\/isa-as-prod-sitioweb002.azurewebsites.net\/pt-br\/herois\/","og_locale":"pt_BR","og_type":"article","og_title":"Her\u00f3is - ISA","og_description":"NOSSOS HER\u00d3IS: AQUELES QUE TORNAM O IMPOSS\u00cdVEL POSS\u00cdVEL Por tr\u00e1s de cada passo que damos na ISA e em nossas empresas, h\u00e1 pessoas que d\u00e3o sua energia, engenhosidade e compromisso para transformar realidades. Nossos her\u00f3is s\u00e3o aqueles que, com esfor\u00e7o silencioso, constroem o futuro a partir da opera\u00e7\u00e3o! https:\/\/isaasprods-d87a26cb809c1f43d1f1-endpoint.azureedge.net\/blobisaasprods27f2ae9b77\/wp-content\/uploads\/2025\/07\/Heroes_PORTUGUES-1-2.mp4 Suas hist\u00f3rias Samuel Mar\u00edn Este ser\u00e1 [&hellip;]","og_url":"https:\/\/isa-as-prod-sitioweb002.azurewebsites.net\/pt-br\/herois\/","og_site_name":"ISA","article_publisher":"https:\/\/www.facebook.com\/ISAConexiones\/","article_modified_time":"2025-07-24T22:13:27+00:00","og_image":[{"width":1412,"height":992,"url":"https:\/\/isa-as-prod-sitioweb002.azurewebsites.net\/wp-content\/uploads\/2021\/02\/ISA.jpg","type":"image\/jpeg"}],"twitter_card":"summary_large_image","twitter_site":"@ISAConexiones","twitter_misc":{"Est. tempo de leitura":"3 minutos"},"schema":{"@context":"https:\/\/schema.org","@graph":[{"@type":"WebPage","@id":"https:\/\/isa-as-prod-sitioweb002.azurewebsites.net\/pt-br\/herois\/","url":"https:\/\/isa-as-prod-sitioweb002.azurewebsites.net\/pt-br\/herois\/","name":"Her\u00f3is - ISA","isPartOf":{"@id":"https:\/\/isa-as-prod-sitioweb002.azurewebsites.net\/pt-br\/#website"},"datePublished":"2025-07-17T19:08:03+00:00","dateModified":"2025-07-24T22:13:27+00:00","breadcrumb":{"@id":"https:\/\/isa-as-prod-sitioweb002.azurewebsites.net\/pt-br\/herois\/#breadcrumb"},"inLanguage":"pt-BR","potentialAction":[{"@type":"ReadAction","target":["https:\/\/isa-as-prod-sitioweb002.azurewebsites.net\/pt-br\/herois\/"]}]},{"@type":"BreadcrumbList","@id":"https:\/\/isa-as-prod-sitioweb002.azurewebsites.net\/pt-br\/herois\/#breadcrumb","itemListElement":[{"@type":"ListItem","position":1,"name":"ISA","item":"https:\/\/isa-as-prod-sitioweb002.azurewebsites.net\/pt-br\/"},{"@type":"ListItem","position":2,"name":"Her\u00f3is"}]},{"@type":"WebSite","@id":"https:\/\/isa-as-prod-sitioweb002.azurewebsites.net\/pt-br\/#website","url":"https:\/\/isa-as-prod-sitioweb002.azurewebsites.net\/pt-br\/","name":"ISA","description":"Interconexi\u00f3n El\u00e9ctrica S.A.","publisher":{"@id":"https:\/\/isa-as-prod-sitioweb002.azurewebsites.net\/pt-br\/#organization"},"potentialAction":[{"@type":"SearchAction","target":{"@type":"EntryPoint","urlTemplate":"https:\/\/isa-as-prod-sitioweb002.azurewebsites.net\/pt-br\/?s={search_term_string}"},"query-input":{"@type":"PropertyValueSpecification","valueRequired":true,"valueName":"search_term_string"}}],"inLanguage":"pt-BR"},{"@type":"Organization","@id":"https:\/\/isa-as-prod-sitioweb002.azurewebsites.net\/pt-br\/#organization","name":"ISA","url":"https:\/\/isa-as-prod-sitioweb002.azurewebsites.net\/pt-br\/","logo":{"@type":"ImageObject","inLanguage":"pt-BR","@id":"https:\/\/isa-as-prod-sitioweb002.azurewebsites.net\/pt-br\/#\/schema\/logo\/image\/","url":"\/wp-content\/uploads\/2020\/11\/favicon.png","contentUrl":"\/wp-content\/uploads\/2020\/11\/favicon.png","width":512,"height":512,"caption":"ISA"},"image":{"@id":"https:\/\/isa-as-prod-sitioweb002.azurewebsites.net\/pt-br\/#\/schema\/logo\/image\/"},"sameAs":["https:\/\/www.facebook.com\/ISAConexiones\/","https:\/\/x.com\/ISAConexiones","https:\/\/www.instagram.com\/isaconexiones\/","https:\/\/www.linkedin.com\/company\/interconexi-n-electrica-s-a-?trk=top_nav_home","https:\/\/www.youtube.com\/c\/CanalISAConexiones"]}]}},"_links":{"self":[{"href":"https:\/\/isa-as-prod-sitioweb002.azurewebsites.net\/pt-br\/wp-json\/wp\/v2\/pages\/105245","targetHints":{"allow":["GET"]}}],"collection":[{"href":"https:\/\/isa-as-prod-sitioweb002.azurewebsites.net\/pt-br\/wp-json\/wp\/v2\/pages"}],"about":[{"href":"https:\/\/isa-as-prod-sitioweb002.azurewebsites.net\/pt-br\/wp-json\/wp\/v2\/types\/page"}],"author":[{"embeddable":true,"href":"https:\/\/isa-as-prod-sitioweb002.azurewebsites.net\/pt-br\/wp-json\/wp\/v2\/users\/20"}],"replies":[{"embeddable":true,"href":"https:\/\/isa-as-prod-sitioweb002.azurewebsites.net\/pt-br\/wp-json\/wp\/v2\/comments?post=105245"}],"version-history":[{"count":21,"href":"https:\/\/isa-as-prod-sitioweb002.azurewebsites.net\/pt-br\/wp-json\/wp\/v2\/pages\/105245\/revisions"}],"predecessor-version":[{"id":118987,"href":"https:\/\/isa-as-prod-sitioweb002.azurewebsites.net\/pt-br\/wp-json\/wp\/v2\/pages\/105245\/revisions\/118987"}],"wp:attachment":[{"href":"https:\/\/isa-as-prod-sitioweb002.azurewebsites.net\/pt-br\/wp-json\/wp\/v2\/media?parent=105245"}],"curies":[{"name":"wp","href":"https:\/\/api.w.org\/{rel}","templated":true}]}}